{"id":696,"date":"2025-04-08T14:50:21","date_gmt":"2025-04-08T12:50:21","guid":{"rendered":"https:\/\/vizmolife.de\/?post_type=product&#038;p=696"},"modified":"2026-03-25T21:47:11","modified_gmt":"2026-03-25T19:47:11","slug":"l-theanin","status":"publish","type":"product","link":"https:\/\/vizmolife.de\/en\/product\/l-theanin\/","title":{"rendered":"L Theanin"},"content":{"rendered":"<ul class=\"a-unordered-list a-vertical a-spacing-mini\">\n<li class=\"a-spacing-mini\"><span class=\"a-list-item\"><strong>Natural brain booster for concentration and mood<\/strong> - L-theanine, an amino acid found in green tea, supports cognitive health, promotes mental clarity and improves concentration. It can increase neurotransmitters such as serotonin and dopamine, which can have a positive effect on mood and sleep quality, while helping to keep the stress hormone cortisol in balance.<\/span><\/li>\n<li class=\"a-spacing-mini\"><span class=\"a-list-item\"><strong>Supports the nervous system and helps to reduce stress<\/strong> - L-theanine is known for its calming effect without causing drowsiness and can help to reduce stress and promote concentration - ideal for mental challenges in everyday life. L-theanine can also promote general well-being, strengthen the immune system and help regulate blood pressure.<\/span><\/li>\n<li class=\"a-spacing-mini\"><span class=\"a-list-item\"><strong>First-class, laboratory-tested quality from the EU<\/strong> - Vizmo L-Theanine capsules are manufactured in the EU under strict ISO-certified quality and safety standards. Each batch undergoes extensive laboratory testing to ensure purity and potency and fulfil the highest quality standards.<\/span><\/li>\n<li class=\"a-spacing-mini\"><span class=\"a-list-item\"><strong>Gentle, easily digestible L-theanine formula<\/strong> - Many L-theanine supplements contain fillers such as magnesium stearate and microcrystalline cellulose, which can be hard on digestion. Vizmo L-Theanine offers a purer formula that is easily digestible and ideal for vegans and vegetarians. Each vegan capsule provides a high dose of 200 mg of pure L-theanine.<\/span><\/li>\n<li class=\"a-spacing-mini\"><span class=\"a-list-item\"><strong>Practical, high-quality packaging<\/strong> - Vizmo L-Theanine 200mg vegan capsules are packaged in a sturdy, reusable plastic bottle that preserves freshness and potency. The compact, durable bottle is ideal for use at home or when travelling and protects the capsules from moisture and light.<\/span><\/li>\n<\/ul>\n<p><img fetchpriority=\"high\" decoding=\"async\" class=\"alignnone size-full wp-image-1891\" src=\"https:\/\/vizmolife.de\/wp-content\/uploads\/2025\/04\/Artboard-1-3.jpg\" alt=\"\" width=\"1464\" height=\"600\" srcset=\"https:\/\/vizmolife.de\/wp-content\/uploads\/2025\/04\/Artboard-1-3.jpg 1464w, https:\/\/vizmolife.de\/wp-content\/uploads\/2025\/04\/Artboard-1-3-300x123.jpg 300w, https:\/\/vizmolife.de\/wp-content\/uploads\/2025\/04\/Artboard-1-3-1024x420.jpg 1024w, https:\/\/vizmolife.de\/wp-content\/uploads\/2025\/04\/Artboard-1-3-768x315.jpg 768w, https:\/\/vizmolife.de\/wp-content\/uploads\/2025\/04\/Artboard-1-3-18x7.jpg 18w, https:\/\/vizmolife.de\/wp-content\/uploads\/2025\/04\/Artboard-1-3-600x246.jpg 600w\" sizes=\"(max-width: 1464px) 100vw, 1464px\" \/><\/p>\n<p>&nbsp;<\/p>\n<h3 class=\"a-spacing-mini\">Experience the calming effect of Vizmo L-Theanine - your daily companion for more mental clarity and relaxation.<\/h3>\n<p>With a pack containing 120 high-dose, vegan capsules, you get a convenient 4-month supply to support your cognitive performance and well-being. Natural support for concentration and stress relief L-theanine is a natural amino acid extracted from green tea leaves and is known for its calming yet concentration-enhancing effects. Our highly effective 200mg formula is designed to help you reduce stress and mental fatigue while maintaining a clear and focussed mind. Precise dosing and the highest quality. With Vizmo L-Theanine 200mg in vegan capsules, you take the ideal amount daily for an effective and controlled intake.<\/p>\n<p>&nbsp;<\/p>\n<p><img decoding=\"async\" class=\"size-full wp-image-1892 aligncenter\" src=\"https:\/\/vizmolife.de\/wp-content\/uploads\/2025\/04\/Artboard-3-4.jpg\" alt=\"\" width=\"1464\" height=\"600\" srcset=\"https:\/\/vizmolife.de\/wp-content\/uploads\/2025\/04\/Artboard-3-4.jpg 1464w, https:\/\/vizmolife.de\/wp-content\/uploads\/2025\/04\/Artboard-3-4-300x123.jpg 300w, https:\/\/vizmolife.de\/wp-content\/uploads\/2025\/04\/Artboard-3-4-1024x420.jpg 1024w, https:\/\/vizmolife.de\/wp-content\/uploads\/2025\/04\/Artboard-3-4-768x315.jpg 768w, https:\/\/vizmolife.de\/wp-content\/uploads\/2025\/04\/Artboard-3-4-18x7.jpg 18w, https:\/\/vizmolife.de\/wp-content\/uploads\/2025\/04\/Artboard-3-4-600x246.jpg 600w\" sizes=\"(max-width: 1464px) 100vw, 1464px\" \/> <img decoding=\"async\" class=\"size-full wp-image-1893 aligncenter\" src=\"https:\/\/vizmolife.de\/wp-content\/uploads\/2025\/04\/Artboard-4-5.jpg\" alt=\"\" width=\"1464\" height=\"600\" srcset=\"https:\/\/vizmolife.de\/wp-content\/uploads\/2025\/04\/Artboard-4-5.jpg 1464w, https:\/\/vizmolife.de\/wp-content\/uploads\/2025\/04\/Artboard-4-5-300x123.jpg 300w, https:\/\/vizmolife.de\/wp-content\/uploads\/2025\/04\/Artboard-4-5-1024x420.jpg 1024w, https:\/\/vizmolife.de\/wp-content\/uploads\/2025\/04\/Artboard-4-5-768x315.jpg 768w, https:\/\/vizmolife.de\/wp-content\/uploads\/2025\/04\/Artboard-4-5-18x7.jpg 18w, https:\/\/vizmolife.de\/wp-content\/uploads\/2025\/04\/Artboard-4-5-600x246.jpg 600w\" sizes=\"(max-width: 1464px) 100vw, 1464px\" \/><\/p>\n<p>&nbsp;<\/p>\n<h3 class=\"a-spacing-mini\">Our capsules are manufactured in ISO-certified production facilities and meet the highest quality and safety standards.<\/h3>\n<p>Free from genetic engineering and ideal for anyone who values conscious nutrition. Ideal for study, work or everyday challenges Whether you want to increase your concentration for an exam, optimise your performance at work or simply be more relaxed throughout the day, Vizmo L-Theanine will help you reach your full potential. Benefit from this natural, nootropic formula and experience improved cognitive performance and a balanced lifestyle. EXPERIENCE THE BENEFITS OF L-Theanine Vizmo L-Theanine is your ideal choice for increased calm, focus and cognitive support. Get the mental edge you deserve and enjoy every day with a clear and relaxed mind.<\/p>","protected":false},"excerpt":{"rendered":"<p>For concentration, relaxation, stress reduction and sleep quality<\/p>","protected":false},"featured_media":206,"comment_status":"open","ping_status":"closed","template":"","meta":{"_acf_changed":false},"product_brand":[],"product_cat":[21],"product_tag":[],"class_list":{"0":"post-696","1":"product","2":"type-product","3":"status-publish","4":"has-post-thumbnail","6":"product_cat-supplements","8":"first","9":"instock","10":"shipping-taxable","11":"purchasable","12":"product-type-simple"},"acf":[],"yoast_head":"<!-- This site is optimized with the Yoast SEO plugin v26.6 - https:\/\/yoast.com\/wordpress\/plugins\/seo\/ -->\n<title>L Theanin - VizmoLife<\/title>\n<meta name=\"description\" content=\"VizmoLife L-Theanin Kapseln \u2013 f\u00f6rdern Entspannung, innere Ruhe und Konzentration. Nat\u00fcrliche Unterst\u00fctzung f\u00fcr Balance im Alltag.\" \/>\n<meta name=\"robots\" content=\"index, follow, max-snippet:-1, max-image-preview:large, max-video-preview:-1\" \/>\n<link rel=\"canonical\" href=\"https:\/\/vizmolife.de\/en\/product\/l-theanin\/\" \/>\n<meta property=\"og:locale\" content=\"en_US\" \/>\n<meta property=\"og:type\" content=\"article\" \/>\n<meta property=\"og:title\" content=\"L Theanin - VizmoLife\" \/>\n<meta property=\"og:description\" content=\"VizmoLife L-Theanin Kapseln \u2013 f\u00f6rdern Entspannung, innere Ruhe und Konzentration. Nat\u00fcrliche Unterst\u00fctzung f\u00fcr Balance im Alltag.\" \/>\n<meta property=\"og:url\" content=\"https:\/\/vizmolife.de\/en\/product\/l-theanin\/\" \/>\n<meta property=\"og:site_name\" content=\"VizmoLife\" \/>\n<meta property=\"article:modified_time\" content=\"2026-03-25T19:47:11+00:00\" \/>\n<meta property=\"og:image\" content=\"https:\/\/vizmolife.de\/wp-content\/uploads\/2024\/12\/L-Theanine-be-bg-1.png\" \/>\n\t<meta property=\"og:image:width\" content=\"1500\" \/>\n\t<meta property=\"og:image:height\" content=\"1500\" \/>\n\t<meta property=\"og:image:type\" content=\"image\/png\" \/>\n<meta name=\"twitter:card\" content=\"summary_large_image\" \/>\n<meta name=\"twitter:label1\" content=\"Est. reading time\" \/>\n\t<meta name=\"twitter:data1\" content=\"3 minutes\" \/>\n<script type=\"application\/ld+json\" class=\"yoast-schema-graph\">{\"@context\":\"https:\/\/schema.org\",\"@graph\":[{\"@type\":\"WebPage\",\"@id\":\"https:\/\/vizmolife.de\/product\/l-theanin\/\",\"url\":\"https:\/\/vizmolife.de\/product\/l-theanin\/\",\"name\":\"L Theanin - VizmoLife\",\"isPartOf\":{\"@id\":\"https:\/\/vizmolife.de\/#website\"},\"primaryImageOfPage\":{\"@id\":\"https:\/\/vizmolife.de\/product\/l-theanin\/#primaryimage\"},\"image\":{\"@id\":\"https:\/\/vizmolife.de\/product\/l-theanin\/#primaryimage\"},\"thumbnailUrl\":\"https:\/\/vizmolife.de\/wp-content\/uploads\/2024\/12\/L-Theanine-be-bg-1.png\",\"datePublished\":\"2025-04-08T12:50:21+00:00\",\"dateModified\":\"2026-03-25T19:47:11+00:00\",\"description\":\"VizmoLife L-Theanin Kapseln \u2013 f\u00f6rdern Entspannung, innere Ruhe und Konzentration. Nat\u00fcrliche Unterst\u00fctzung f\u00fcr Balance im Alltag.\",\"breadcrumb\":{\"@id\":\"https:\/\/vizmolife.de\/product\/l-theanin\/#breadcrumb\"},\"inLanguage\":\"en-US\",\"potentialAction\":[{\"@type\":\"ReadAction\",\"target\":[\"https:\/\/vizmolife.de\/product\/l-theanin\/\"]}]},{\"@type\":\"ImageObject\",\"inLanguage\":\"en-US\",\"@id\":\"https:\/\/vizmolife.de\/product\/l-theanin\/#primaryimage\",\"url\":\"https:\/\/vizmolife.de\/wp-content\/uploads\/2024\/12\/L-Theanine-be-bg-1.png\",\"contentUrl\":\"https:\/\/vizmolife.de\/wp-content\/uploads\/2024\/12\/L-Theanine-be-bg-1.png\",\"width\":1500,\"height\":1500,\"caption\":\"l theanin vizmolife\"},{\"@type\":\"BreadcrumbList\",\"@id\":\"https:\/\/vizmolife.de\/product\/l-theanin\/#breadcrumb\",\"itemListElement\":[{\"@type\":\"ListItem\",\"position\":1,\"name\":\"Heim\",\"item\":\"https:\/\/vizmolife.de\/\"},{\"@type\":\"ListItem\",\"position\":2,\"name\":\"Erg\u00e4nzungen\",\"item\":\"https:\/\/vizmolife.de\/erganzungen\/\"},{\"@type\":\"ListItem\",\"position\":3,\"name\":\"L Theanin\"}]},{\"@type\":\"WebSite\",\"@id\":\"https:\/\/vizmolife.de\/#website\",\"url\":\"https:\/\/vizmolife.de\/\",\"name\":\"VizmoLife\",\"description\":\"Supplements for better life\",\"publisher\":{\"@id\":\"https:\/\/vizmolife.de\/#organization\"},\"potentialAction\":[{\"@type\":\"SearchAction\",\"target\":{\"@type\":\"EntryPoint\",\"urlTemplate\":\"https:\/\/vizmolife.de\/?s={search_term_string}\"},\"query-input\":{\"@type\":\"PropertyValueSpecification\",\"valueRequired\":true,\"valueName\":\"search_term_string\"}}],\"inLanguage\":\"en-US\"},{\"@type\":\"Organization\",\"@id\":\"https:\/\/vizmolife.de\/#organization\",\"name\":\"VizmoLife\",\"url\":\"https:\/\/vizmolife.de\/\",\"logo\":{\"@type\":\"ImageObject\",\"inLanguage\":\"en-US\",\"@id\":\"https:\/\/vizmolife.de\/#\/schema\/logo\/image\/\",\"url\":\"https:\/\/vizmolife.de\/wp-content\/uploads\/2024\/06\/vizmo.jpg\",\"contentUrl\":\"https:\/\/vizmolife.de\/wp-content\/uploads\/2024\/06\/vizmo.jpg\",\"width\":366,\"height\":88,\"caption\":\"VizmoLife\"},\"image\":{\"@id\":\"https:\/\/vizmolife.de\/#\/schema\/logo\/image\/\"}}]}<\/script>\n<!-- \/ Yoast SEO plugin. -->","yoast_head_json":{"title":"L Theanin - VizmoLife","description":"VizmoLife L-Theanin Kapseln \u2013 f\u00f6rdern Entspannung, innere Ruhe und Konzentration. Nat\u00fcrliche Unterst\u00fctzung f\u00fcr Balance im Alltag.","robots":{"index":"index","follow":"follow","max-snippet":"max-snippet:-1","max-image-preview":"max-image-preview:large","max-video-preview":"max-video-preview:-1"},"canonical":"https:\/\/vizmolife.de\/en\/product\/l-theanin\/","og_locale":"en_US","og_type":"article","og_title":"L Theanin - VizmoLife","og_description":"VizmoLife L-Theanin Kapseln \u2013 f\u00f6rdern Entspannung, innere Ruhe und Konzentration. Nat\u00fcrliche Unterst\u00fctzung f\u00fcr Balance im Alltag.","og_url":"https:\/\/vizmolife.de\/en\/product\/l-theanin\/","og_site_name":"VizmoLife","article_modified_time":"2026-03-25T19:47:11+00:00","og_image":[{"width":1500,"height":1500,"url":"https:\/\/vizmolife.de\/wp-content\/uploads\/2024\/12\/L-Theanine-be-bg-1.png","type":"image\/png"}],"twitter_card":"summary_large_image","twitter_misc":{"Est. reading time":"3 minutes"},"schema":{"@context":"https:\/\/schema.org","@graph":[{"@type":"WebPage","@id":"https:\/\/vizmolife.de\/product\/l-theanin\/","url":"https:\/\/vizmolife.de\/product\/l-theanin\/","name":"L Theanin - VizmoLife","isPartOf":{"@id":"https:\/\/vizmolife.de\/#website"},"primaryImageOfPage":{"@id":"https:\/\/vizmolife.de\/product\/l-theanin\/#primaryimage"},"image":{"@id":"https:\/\/vizmolife.de\/product\/l-theanin\/#primaryimage"},"thumbnailUrl":"https:\/\/vizmolife.de\/wp-content\/uploads\/2024\/12\/L-Theanine-be-bg-1.png","datePublished":"2025-04-08T12:50:21+00:00","dateModified":"2026-03-25T19:47:11+00:00","description":"VizmoLife L-Theanin Kapseln \u2013 f\u00f6rdern Entspannung, innere Ruhe und Konzentration. Nat\u00fcrliche Unterst\u00fctzung f\u00fcr Balance im Alltag.","breadcrumb":{"@id":"https:\/\/vizmolife.de\/product\/l-theanin\/#breadcrumb"},"inLanguage":"en-US","potentialAction":[{"@type":"ReadAction","target":["https:\/\/vizmolife.de\/product\/l-theanin\/"]}]},{"@type":"ImageObject","inLanguage":"en-US","@id":"https:\/\/vizmolife.de\/product\/l-theanin\/#primaryimage","url":"https:\/\/vizmolife.de\/wp-content\/uploads\/2024\/12\/L-Theanine-be-bg-1.png","contentUrl":"https:\/\/vizmolife.de\/wp-content\/uploads\/2024\/12\/L-Theanine-be-bg-1.png","width":1500,"height":1500,"caption":"l theanin vizmolife"},{"@type":"BreadcrumbList","@id":"https:\/\/vizmolife.de\/product\/l-theanin\/#breadcrumb","itemListElement":[{"@type":"ListItem","position":1,"name":"Heim","item":"https:\/\/vizmolife.de\/"},{"@type":"ListItem","position":2,"name":"Erg\u00e4nzungen","item":"https:\/\/vizmolife.de\/erganzungen\/"},{"@type":"ListItem","position":3,"name":"L Theanin"}]},{"@type":"WebSite","@id":"https:\/\/vizmolife.de\/#website","url":"https:\/\/vizmolife.de\/","name":"VizmoLife","description":"Supplements for better life","publisher":{"@id":"https:\/\/vizmolife.de\/#organization"},"potentialAction":[{"@type":"SearchAction","target":{"@type":"EntryPoint","urlTemplate":"https:\/\/vizmolife.de\/?s={search_term_string}"},"query-input":{"@type":"PropertyValueSpecification","valueRequired":true,"valueName":"search_term_string"}}],"inLanguage":"en-US"},{"@type":"Organization","@id":"https:\/\/vizmolife.de\/#organization","name":"VizmoLife","url":"https:\/\/vizmolife.de\/","logo":{"@type":"ImageObject","inLanguage":"en-US","@id":"https:\/\/vizmolife.de\/#\/schema\/logo\/image\/","url":"https:\/\/vizmolife.de\/wp-content\/uploads\/2024\/06\/vizmo.jpg","contentUrl":"https:\/\/vizmolife.de\/wp-content\/uploads\/2024\/06\/vizmo.jpg","width":366,"height":88,"caption":"VizmoLife"},"image":{"@id":"https:\/\/vizmolife.de\/#\/schema\/logo\/image\/"}}]}},"_links":{"self":[{"href":"https:\/\/vizmolife.de\/en\/wp-json\/wp\/v2\/product\/696","targetHints":{"allow":["GET"]}}],"collection":[{"href":"https:\/\/vizmolife.de\/en\/wp-json\/wp\/v2\/product"}],"about":[{"href":"https:\/\/vizmolife.de\/en\/wp-json\/wp\/v2\/types\/product"}],"replies":[{"embeddable":true,"href":"https:\/\/vizmolife.de\/en\/wp-json\/wp\/v2\/comments?post=696"}],"wp:featuredmedia":[{"embeddable":true,"href":"https:\/\/vizmolife.de\/en\/wp-json\/wp\/v2\/media\/206"}],"wp:attachment":[{"href":"https:\/\/vizmolife.de\/en\/wp-json\/wp\/v2\/media?parent=696"}],"wp:term":[{"taxonomy":"product_brand","embeddable":true,"href":"https:\/\/vizmolife.de\/en\/wp-json\/wp\/v2\/product_brand?post=696"},{"taxonomy":"product_cat","embeddable":true,"href":"https:\/\/vizmolife.de\/en\/wp-json\/wp\/v2\/product_cat?post=696"},{"taxonomy":"product_tag","embeddable":true,"href":"https:\/\/vizmolife.de\/en\/wp-json\/wp\/v2\/product_tag?post=696"}],"curies":[{"name":"wp","href":"https:\/\/api.w.org\/{rel}","templated":true}]}}