{"id":695,"date":"2025-04-08T14:49:46","date_gmt":"2025-04-08T12:49:46","guid":{"rendered":"https:\/\/vizmolife.de\/?post_type=product&#038;p=695"},"modified":"2026-03-25T21:38:43","modified_gmt":"2026-03-25T19:38:43","slug":"phosphatidylserin","status":"publish","type":"product","link":"https:\/\/vizmolife.de\/en\/product\/phosphatidylserin\/","title":{"rendered":"Phosphatidylserin"},"content":{"rendered":"<ul class=\"a-unordered-list a-vertical a-spacing-mini\">\n<li class=\"a-spacing-mini\"><span class=\"a-list-item\"><strong>NOVEL FOOD AUTHORISED:<\/strong> VIZMO phosphatidylserine is obtained from GMO-free soya, the only source authorised in the EU in accordance with the Novel Food Regulation. A product that meets the highest quality and safety standards.<\/span><\/li>\n<li class=\"a-spacing-mini\"><span class=\"a-list-item\"><strong>SUPPORT FOR MENTAL PERFORMANCE:<\/strong> VIZMO Phosphatidylserine provides a high quality source to promote mental clarity and concentration. Perfect for anyone who wants to optimise their everyday life with an effective dietary supplement.<\/span><\/li>\n<li class=\"a-spacing-mini\"><span class=\"a-list-item\"><strong>HIGHLY CONCENTRATED FORMULA:<\/strong> Each capsule contains a high-quality amount of phosphatidylserine, ideal for regular intake as part of a balanced diet.<\/span><\/li>\n<li class=\"a-spacing-mini\"><span class=\"a-list-item\">PRACTICAL CAPSULE FORM: Our easy-to-swallow capsules are simple to take on a daily basis and can be easily integrated into your routine.<\/span><\/li>\n<li class=\"a-spacing-mini\"><span class=\"a-list-item\"><strong>MANUFACTURED TO THE HIGHEST STANDARDS:<\/strong> Produced in ISO-certified facilities and independently tested for quality and purity to ensure consistently high product quality.<\/span><\/li>\n<li class=\"a-spacing-mini\"><span class=\"a-list-item\"><strong>SUSTAINABLE PACKAGING:<\/strong> Packaged in a reusable black bottle that provides protection and freshness while reducing environmental impact.<\/span><\/li>\n<\/ul>\n<p><img fetchpriority=\"high\" decoding=\"async\" class=\"alignnone size-full wp-image-1887\" src=\"https:\/\/vizmolife.de\/wp-content\/uploads\/2025\/04\/Artboard-1-2.jpg\" alt=\"\" width=\"1464\" height=\"600\" srcset=\"https:\/\/vizmolife.de\/wp-content\/uploads\/2025\/04\/Artboard-1-2.jpg 1464w, https:\/\/vizmolife.de\/wp-content\/uploads\/2025\/04\/Artboard-1-2-300x123.jpg 300w, https:\/\/vizmolife.de\/wp-content\/uploads\/2025\/04\/Artboard-1-2-1024x420.jpg 1024w, https:\/\/vizmolife.de\/wp-content\/uploads\/2025\/04\/Artboard-1-2-768x315.jpg 768w, https:\/\/vizmolife.de\/wp-content\/uploads\/2025\/04\/Artboard-1-2-18x7.jpg 18w, https:\/\/vizmolife.de\/wp-content\/uploads\/2025\/04\/Artboard-1-2-600x246.jpg 600w\" sizes=\"(max-width: 1464px) 100vw, 1464px\" \/><\/p>\n<h3 class=\"a-spacing-mini\">Experience the benefits of VIZMO phosphatidylserine capsules<\/h3>\n<p>The ideal supplement for an active lifestyle and a conscious diet. Phosphatidylserine, an essential phospholipid, comes from GMO-free soya, the only source authorised in the EU under the Novel Food Regulation. Our capsules offer an easy way to supplement your daily nutrient intake.<\/p>\n<p>&nbsp;<\/p>\n<h3 class=\"a-spacing-mini\">Why VIZMO Phosphatidylserine?<\/h3>\n<p>Our capsules are vegan and free from gluten and lactose. They are manufactured in ISO-certified facilities under strict controls and independently tested. Each capsule contains 20% phosphatidylserine, making it a reliable source of this valuable ingredient. The product benefits at a glance: High-quality source of phosphatidylserine: derived from GMO-free soya, tested and authorised in the EU. Suitable for vegans and vegetarians: produced without animal ingredients. Gluten and lactose free: Ideal for people with special dietary requirements. Long-term supply: with 120 capsules per pack sufficient for up to 40 days, depending on daily requirements (1-3 capsules daily).<\/p>\n<p>&nbsp;<\/p>\n<p><img decoding=\"async\" class=\"size-full wp-image-1888 aligncenter\" src=\"https:\/\/vizmolife.de\/wp-content\/uploads\/2025\/04\/Artboard-3-3.jpg\" alt=\"\" width=\"1464\" height=\"600\" srcset=\"https:\/\/vizmolife.de\/wp-content\/uploads\/2025\/04\/Artboard-3-3.jpg 1464w, https:\/\/vizmolife.de\/wp-content\/uploads\/2025\/04\/Artboard-3-3-300x123.jpg 300w, https:\/\/vizmolife.de\/wp-content\/uploads\/2025\/04\/Artboard-3-3-1024x420.jpg 1024w, https:\/\/vizmolife.de\/wp-content\/uploads\/2025\/04\/Artboard-3-3-768x315.jpg 768w, https:\/\/vizmolife.de\/wp-content\/uploads\/2025\/04\/Artboard-3-3-18x7.jpg 18w, https:\/\/vizmolife.de\/wp-content\/uploads\/2025\/04\/Artboard-3-3-600x246.jpg 600w\" sizes=\"(max-width: 1464px) 100vw, 1464px\" \/> <img decoding=\"async\" class=\"size-full wp-image-1889 aligncenter\" src=\"https:\/\/vizmolife.de\/wp-content\/uploads\/2025\/04\/Artboard-4-4.jpg\" alt=\"\" width=\"1464\" height=\"600\" srcset=\"https:\/\/vizmolife.de\/wp-content\/uploads\/2025\/04\/Artboard-4-4.jpg 1464w, https:\/\/vizmolife.de\/wp-content\/uploads\/2025\/04\/Artboard-4-4-300x123.jpg 300w, https:\/\/vizmolife.de\/wp-content\/uploads\/2025\/04\/Artboard-4-4-1024x420.jpg 1024w, https:\/\/vizmolife.de\/wp-content\/uploads\/2025\/04\/Artboard-4-4-768x315.jpg 768w, https:\/\/vizmolife.de\/wp-content\/uploads\/2025\/04\/Artboard-4-4-18x7.jpg 18w, https:\/\/vizmolife.de\/wp-content\/uploads\/2025\/04\/Artboard-4-4-600x246.jpg 600w\" sizes=\"(max-width: 1464px) 100vw, 1464px\" \/><\/p>","protected":false},"excerpt":{"rendered":"<p>For memory, concentration, stress reduction &amp; cognitive performance<\/p>","protected":false},"featured_media":201,"comment_status":"open","ping_status":"closed","template":"","meta":{"_acf_changed":false},"product_brand":[],"product_cat":[21],"product_tag":[],"class_list":{"0":"post-695","1":"product","2":"type-product","3":"status-publish","4":"has-post-thumbnail","6":"product_cat-supplements","8":"first","9":"instock","10":"shipping-taxable","11":"purchasable","12":"product-type-simple"},"acf":[],"yoast_head":"<!-- This site is optimized with the Yoast SEO plugin v26.6 - https:\/\/yoast.com\/wordpress\/plugins\/seo\/ -->\n<title>Phosphatidylserin - VizmoLife<\/title>\n<meta name=\"description\" content=\"VizmoLife Phosphatidylserin Kapseln \u2013 unterst\u00fctzen Ged\u00e4chtnis, Konzentration und kognitive Funktionen. F\u00fcr mentale Klarheit im Alltag.\" \/>\n<meta name=\"robots\" content=\"index, follow, max-snippet:-1, max-image-preview:large, max-video-preview:-1\" \/>\n<link rel=\"canonical\" href=\"https:\/\/vizmolife.de\/en\/product\/phosphatidylserin\/\" \/>\n<meta property=\"og:locale\" content=\"en_US\" \/>\n<meta property=\"og:type\" content=\"article\" \/>\n<meta property=\"og:title\" content=\"Phosphatidylserin - VizmoLife\" \/>\n<meta property=\"og:description\" content=\"VizmoLife Phosphatidylserin Kapseln \u2013 unterst\u00fctzen Ged\u00e4chtnis, Konzentration und kognitive Funktionen. F\u00fcr mentale Klarheit im Alltag.\" \/>\n<meta property=\"og:url\" content=\"https:\/\/vizmolife.de\/en\/product\/phosphatidylserin\/\" \/>\n<meta property=\"og:site_name\" content=\"VizmoLife\" \/>\n<meta property=\"article:modified_time\" content=\"2026-03-25T19:38:43+00:00\" \/>\n<meta property=\"og:image\" content=\"https:\/\/vizmolife.de\/wp-content\/uploads\/2024\/12\/Phosphatidyl-be-bg.png\" \/>\n\t<meta property=\"og:image:width\" content=\"1500\" \/>\n\t<meta property=\"og:image:height\" content=\"1500\" \/>\n\t<meta property=\"og:image:type\" content=\"image\/png\" \/>\n<meta name=\"twitter:card\" content=\"summary_large_image\" \/>\n<meta name=\"twitter:label1\" content=\"Est. reading time\" \/>\n\t<meta name=\"twitter:data1\" content=\"3 minutes\" \/>\n<script type=\"application\/ld+json\" class=\"yoast-schema-graph\">{\"@context\":\"https:\/\/schema.org\",\"@graph\":[{\"@type\":\"WebPage\",\"@id\":\"https:\/\/vizmolife.de\/product\/phosphatidylserin\/\",\"url\":\"https:\/\/vizmolife.de\/product\/phosphatidylserin\/\",\"name\":\"Phosphatidylserin - VizmoLife\",\"isPartOf\":{\"@id\":\"https:\/\/vizmolife.de\/#website\"},\"primaryImageOfPage\":{\"@id\":\"https:\/\/vizmolife.de\/product\/phosphatidylserin\/#primaryimage\"},\"image\":{\"@id\":\"https:\/\/vizmolife.de\/product\/phosphatidylserin\/#primaryimage\"},\"thumbnailUrl\":\"https:\/\/vizmolife.de\/wp-content\/uploads\/2024\/12\/Phosphatidyl-be-bg.png\",\"datePublished\":\"2025-04-08T12:49:46+00:00\",\"dateModified\":\"2026-03-25T19:38:43+00:00\",\"description\":\"VizmoLife Phosphatidylserin Kapseln \u2013 unterst\u00fctzen Ged\u00e4chtnis, Konzentration und kognitive Funktionen. F\u00fcr mentale Klarheit im Alltag.\",\"breadcrumb\":{\"@id\":\"https:\/\/vizmolife.de\/product\/phosphatidylserin\/#breadcrumb\"},\"inLanguage\":\"en-US\",\"potentialAction\":[{\"@type\":\"ReadAction\",\"target\":[\"https:\/\/vizmolife.de\/product\/phosphatidylserin\/\"]}]},{\"@type\":\"ImageObject\",\"inLanguage\":\"en-US\",\"@id\":\"https:\/\/vizmolife.de\/product\/phosphatidylserin\/#primaryimage\",\"url\":\"https:\/\/vizmolife.de\/wp-content\/uploads\/2024\/12\/Phosphatidyl-be-bg.png\",\"contentUrl\":\"https:\/\/vizmolife.de\/wp-content\/uploads\/2024\/12\/Phosphatidyl-be-bg.png\",\"width\":1500,\"height\":1500,\"caption\":\"Vizmo Phosphatidylserin \u2013 120 vegane Kapseln f\u00fcr Fokus, Ged\u00e4chtnis & Stressabbau. Rein, hochwertig & pflanzlich.\"},{\"@type\":\"BreadcrumbList\",\"@id\":\"https:\/\/vizmolife.de\/product\/phosphatidylserin\/#breadcrumb\",\"itemListElement\":[{\"@type\":\"ListItem\",\"position\":1,\"name\":\"Heim\",\"item\":\"https:\/\/vizmolife.de\/\"},{\"@type\":\"ListItem\",\"position\":2,\"name\":\"Erg\u00e4nzungen\",\"item\":\"https:\/\/vizmolife.de\/erganzungen\/\"},{\"@type\":\"ListItem\",\"position\":3,\"name\":\"Phosphatidylserin\"}]},{\"@type\":\"WebSite\",\"@id\":\"https:\/\/vizmolife.de\/#website\",\"url\":\"https:\/\/vizmolife.de\/\",\"name\":\"VizmoLife\",\"description\":\"Supplements for better life\",\"publisher\":{\"@id\":\"https:\/\/vizmolife.de\/#organization\"},\"potentialAction\":[{\"@type\":\"SearchAction\",\"target\":{\"@type\":\"EntryPoint\",\"urlTemplate\":\"https:\/\/vizmolife.de\/?s={search_term_string}\"},\"query-input\":{\"@type\":\"PropertyValueSpecification\",\"valueRequired\":true,\"valueName\":\"search_term_string\"}}],\"inLanguage\":\"en-US\"},{\"@type\":\"Organization\",\"@id\":\"https:\/\/vizmolife.de\/#organization\",\"name\":\"VizmoLife\",\"url\":\"https:\/\/vizmolife.de\/\",\"logo\":{\"@type\":\"ImageObject\",\"inLanguage\":\"en-US\",\"@id\":\"https:\/\/vizmolife.de\/#\/schema\/logo\/image\/\",\"url\":\"https:\/\/vizmolife.de\/wp-content\/uploads\/2024\/06\/vizmo.jpg\",\"contentUrl\":\"https:\/\/vizmolife.de\/wp-content\/uploads\/2024\/06\/vizmo.jpg\",\"width\":366,\"height\":88,\"caption\":\"VizmoLife\"},\"image\":{\"@id\":\"https:\/\/vizmolife.de\/#\/schema\/logo\/image\/\"}}]}<\/script>\n<!-- \/ Yoast SEO plugin. -->","yoast_head_json":{"title":"Phosphatidylserin - VizmoLife","description":"VizmoLife Phosphatidylserin Kapseln \u2013 unterst\u00fctzen Ged\u00e4chtnis, Konzentration und kognitive Funktionen. F\u00fcr mentale Klarheit im Alltag.","robots":{"index":"index","follow":"follow","max-snippet":"max-snippet:-1","max-image-preview":"max-image-preview:large","max-video-preview":"max-video-preview:-1"},"canonical":"https:\/\/vizmolife.de\/en\/product\/phosphatidylserin\/","og_locale":"en_US","og_type":"article","og_title":"Phosphatidylserin - VizmoLife","og_description":"VizmoLife Phosphatidylserin Kapseln \u2013 unterst\u00fctzen Ged\u00e4chtnis, Konzentration und kognitive Funktionen. F\u00fcr mentale Klarheit im Alltag.","og_url":"https:\/\/vizmolife.de\/en\/product\/phosphatidylserin\/","og_site_name":"VizmoLife","article_modified_time":"2026-03-25T19:38:43+00:00","og_image":[{"width":1500,"height":1500,"url":"https:\/\/vizmolife.de\/wp-content\/uploads\/2024\/12\/Phosphatidyl-be-bg.png","type":"image\/png"}],"twitter_card":"summary_large_image","twitter_misc":{"Est. reading time":"3 minutes"},"schema":{"@context":"https:\/\/schema.org","@graph":[{"@type":"WebPage","@id":"https:\/\/vizmolife.de\/product\/phosphatidylserin\/","url":"https:\/\/vizmolife.de\/product\/phosphatidylserin\/","name":"Phosphatidylserin - VizmoLife","isPartOf":{"@id":"https:\/\/vizmolife.de\/#website"},"primaryImageOfPage":{"@id":"https:\/\/vizmolife.de\/product\/phosphatidylserin\/#primaryimage"},"image":{"@id":"https:\/\/vizmolife.de\/product\/phosphatidylserin\/#primaryimage"},"thumbnailUrl":"https:\/\/vizmolife.de\/wp-content\/uploads\/2024\/12\/Phosphatidyl-be-bg.png","datePublished":"2025-04-08T12:49:46+00:00","dateModified":"2026-03-25T19:38:43+00:00","description":"VizmoLife Phosphatidylserin Kapseln \u2013 unterst\u00fctzen Ged\u00e4chtnis, Konzentration und kognitive Funktionen. F\u00fcr mentale Klarheit im Alltag.","breadcrumb":{"@id":"https:\/\/vizmolife.de\/product\/phosphatidylserin\/#breadcrumb"},"inLanguage":"en-US","potentialAction":[{"@type":"ReadAction","target":["https:\/\/vizmolife.de\/product\/phosphatidylserin\/"]}]},{"@type":"ImageObject","inLanguage":"en-US","@id":"https:\/\/vizmolife.de\/product\/phosphatidylserin\/#primaryimage","url":"https:\/\/vizmolife.de\/wp-content\/uploads\/2024\/12\/Phosphatidyl-be-bg.png","contentUrl":"https:\/\/vizmolife.de\/wp-content\/uploads\/2024\/12\/Phosphatidyl-be-bg.png","width":1500,"height":1500,"caption":"Vizmo Phosphatidylserin \u2013 120 vegane Kapseln f\u00fcr Fokus, Ged\u00e4chtnis & Stressabbau. Rein, hochwertig & pflanzlich."},{"@type":"BreadcrumbList","@id":"https:\/\/vizmolife.de\/product\/phosphatidylserin\/#breadcrumb","itemListElement":[{"@type":"ListItem","position":1,"name":"Heim","item":"https:\/\/vizmolife.de\/"},{"@type":"ListItem","position":2,"name":"Erg\u00e4nzungen","item":"https:\/\/vizmolife.de\/erganzungen\/"},{"@type":"ListItem","position":3,"name":"Phosphatidylserin"}]},{"@type":"WebSite","@id":"https:\/\/vizmolife.de\/#website","url":"https:\/\/vizmolife.de\/","name":"VizmoLife","description":"Supplements for better life","publisher":{"@id":"https:\/\/vizmolife.de\/#organization"},"potentialAction":[{"@type":"SearchAction","target":{"@type":"EntryPoint","urlTemplate":"https:\/\/vizmolife.de\/?s={search_term_string}"},"query-input":{"@type":"PropertyValueSpecification","valueRequired":true,"valueName":"search_term_string"}}],"inLanguage":"en-US"},{"@type":"Organization","@id":"https:\/\/vizmolife.de\/#organization","name":"VizmoLife","url":"https:\/\/vizmolife.de\/","logo":{"@type":"ImageObject","inLanguage":"en-US","@id":"https:\/\/vizmolife.de\/#\/schema\/logo\/image\/","url":"https:\/\/vizmolife.de\/wp-content\/uploads\/2024\/06\/vizmo.jpg","contentUrl":"https:\/\/vizmolife.de\/wp-content\/uploads\/2024\/06\/vizmo.jpg","width":366,"height":88,"caption":"VizmoLife"},"image":{"@id":"https:\/\/vizmolife.de\/#\/schema\/logo\/image\/"}}]}},"_links":{"self":[{"href":"https:\/\/vizmolife.de\/en\/wp-json\/wp\/v2\/product\/695","targetHints":{"allow":["GET"]}}],"collection":[{"href":"https:\/\/vizmolife.de\/en\/wp-json\/wp\/v2\/product"}],"about":[{"href":"https:\/\/vizmolife.de\/en\/wp-json\/wp\/v2\/types\/product"}],"replies":[{"embeddable":true,"href":"https:\/\/vizmolife.de\/en\/wp-json\/wp\/v2\/comments?post=695"}],"wp:featuredmedia":[{"embeddable":true,"href":"https:\/\/vizmolife.de\/en\/wp-json\/wp\/v2\/media\/201"}],"wp:attachment":[{"href":"https:\/\/vizmolife.de\/en\/wp-json\/wp\/v2\/media?parent=695"}],"wp:term":[{"taxonomy":"product_brand","embeddable":true,"href":"https:\/\/vizmolife.de\/en\/wp-json\/wp\/v2\/product_brand?post=695"},{"taxonomy":"product_cat","embeddable":true,"href":"https:\/\/vizmolife.de\/en\/wp-json\/wp\/v2\/product_cat?post=695"},{"taxonomy":"product_tag","embeddable":true,"href":"https:\/\/vizmolife.de\/en\/wp-json\/wp\/v2\/product_tag?post=695"}],"curies":[{"name":"wp","href":"https:\/\/api.w.org\/{rel}","templated":true}]}}