{"id":694,"date":"2025-04-08T14:48:30","date_gmt":"2025-04-08T12:48:30","guid":{"rendered":"https:\/\/vizmolife.de\/?post_type=product&#038;p=694"},"modified":"2026-01-28T21:01:42","modified_gmt":"2026-01-28T19:01:42","slug":"seemoos","status":"publish","type":"product","link":"https:\/\/vizmolife.de\/en\/product\/seemoos\/","title":{"rendered":"Seemoos"},"content":{"rendered":"<ul class=\"a-unordered-list a-vertical a-spacing-mini\">\n<li class=\"a-spacing-mini\"><span class=\"a-list-item\"><strong>HOLISTIC WELLNESS BOOST:<\/strong> Boost your wellness routine with these sea moss capsules, designed to provide comprehensive health benefits. Enriched with Irish sea moss and bladderwrack, they provide a wealth of essential nutrients, making them a superfood addition to your daily regime.<\/span><\/li>\n<li class=\"a-spacing-mini\"><span class=\"a-list-item\"><strong>NATURAL &amp; VEGAN-FRIENDLY:<\/strong> These carefully crafted seaweed capsules are suitable for a vegan lifestyle and are in line with your diet and ethical choices. Made from 100% natural Irish sea moss and bladderwrack, they provide a pure and healthy source of nutrients.<\/span><\/li>\n<li class=\"a-spacing-mini\"><span class=\"a-list-item\"><strong>ADVANTAGES OF SEA MOSS:<\/strong> Irish sea moss has been recognised for centuries for its high nutritional content, packed with essential vitamins, minerals and antioxidants. Incorporate these capsules into your routine to support immune function, skin health and overall vitality.<\/span><\/li>\n<li class=\"a-spacing-mini\"><span class=\"a-list-item\"><strong>PURE &amp; FREE FROM ADDITIVES:<\/strong> Experience the purity of nature with these carefully crafted capsules. They are completely free from artificial additives, preservatives or unwanted chemicals to ensure you get as natural a product as possible.<\/span><\/li>\n<li class=\"a-spacing-mini\"><span class=\"a-list-item\"><strong>SIMPLE 500MG DOSAGE:<\/strong> Simplify your health regime with these convenient sea moss capsules. Each capsule contains 500mg of the nutrient-rich superfood, so you can easily incorporate it into your daily routine without having to fuss with complicated measurements or preparations.<\/span><\/li>\n<\/ul>\n<p>&nbsp;<\/p>\n<p><img fetchpriority=\"high\" decoding=\"async\" class=\"wp-image-1867 aligncenter\" src=\"https:\/\/vizmolife.de\/wp-content\/uploads\/2025\/04\/Artboard-1.jpg\" alt=\"\" width=\"1475\" height=\"604\" srcset=\"https:\/\/vizmolife.de\/wp-content\/uploads\/2025\/04\/Artboard-1.jpg 1464w, https:\/\/vizmolife.de\/wp-content\/uploads\/2025\/04\/Artboard-1-300x123.jpg 300w, https:\/\/vizmolife.de\/wp-content\/uploads\/2025\/04\/Artboard-1-1024x420.jpg 1024w, https:\/\/vizmolife.de\/wp-content\/uploads\/2025\/04\/Artboard-1-768x315.jpg 768w, https:\/\/vizmolife.de\/wp-content\/uploads\/2025\/04\/Artboard-1-18x7.jpg 18w, https:\/\/vizmolife.de\/wp-content\/uploads\/2025\/04\/Artboard-1-600x246.jpg 600w\" sizes=\"(max-width: 1475px) 100vw, 1475px\" \/><\/p>\n<p>&nbsp;<\/p>\n<h3 class=\"a-spacing-mini\">Experience the power of sea moss with the Vizmo sea moss capsules!<\/h3>\n<p>Our dietary supplement offers an easy way to incorporate Irish sea moss and bladderwrack into your daily routine. Each capsule contains 500mg of kelp and bladderwrack and provides essential nutrients and minerals.<\/p>\n<p>At Vizmo, purity and safety are our top priorities. Our sea moss capsules are free from artificial additives, fillers and preservatives. Sea moss and bladderwrack are sourced from carefully selected marine waters to ensure the purity of the ingredients.<\/p>\n<p>Sea moss, also known as Irish moss, is a seaweed that contains vitamins, minerals and antioxidants. Bladderwrack complements sea moss with its additional vitamins and minerals.<\/p>\n<p>&nbsp;<\/p>\n<p><img decoding=\"async\" class=\"wp-image-1871 size-full aligncenter\" src=\"https:\/\/vizmolife.de\/wp-content\/uploads\/2025\/04\/Artboard-3-1.jpg\" alt=\"\" width=\"1464\" height=\"600\" srcset=\"https:\/\/vizmolife.de\/wp-content\/uploads\/2025\/04\/Artboard-3-1.jpg 1464w, https:\/\/vizmolife.de\/wp-content\/uploads\/2025\/04\/Artboard-3-1-300x123.jpg 300w, https:\/\/vizmolife.de\/wp-content\/uploads\/2025\/04\/Artboard-3-1-1024x420.jpg 1024w, https:\/\/vizmolife.de\/wp-content\/uploads\/2025\/04\/Artboard-3-1-768x315.jpg 768w, https:\/\/vizmolife.de\/wp-content\/uploads\/2025\/04\/Artboard-3-1-18x7.jpg 18w, https:\/\/vizmolife.de\/wp-content\/uploads\/2025\/04\/Artboard-3-1-600x246.jpg 600w\" sizes=\"(max-width: 1464px) 100vw, 1464px\" \/><img decoding=\"async\" class=\"aligncenter wp-image-1874 size-full\" src=\"https:\/\/vizmolife.de\/wp-content\/uploads\/2025\/04\/Artboard-4-2.jpg\" alt=\"\" width=\"1464\" height=\"600\" srcset=\"https:\/\/vizmolife.de\/wp-content\/uploads\/2025\/04\/Artboard-4-2.jpg 1464w, https:\/\/vizmolife.de\/wp-content\/uploads\/2025\/04\/Artboard-4-2-300x123.jpg 300w, https:\/\/vizmolife.de\/wp-content\/uploads\/2025\/04\/Artboard-4-2-1024x420.jpg 1024w, https:\/\/vizmolife.de\/wp-content\/uploads\/2025\/04\/Artboard-4-2-768x315.jpg 768w, https:\/\/vizmolife.de\/wp-content\/uploads\/2025\/04\/Artboard-4-2-18x7.jpg 18w, https:\/\/vizmolife.de\/wp-content\/uploads\/2025\/04\/Artboard-4-2-600x246.jpg 600w\" sizes=\"(max-width: 1464px) 100vw, 1464px\" \/><\/p>\n<p>&nbsp;<\/p>\n<h3 class=\"a-spacing-mini\">Our sea moss capsules are a vegan choice and are also suitable for people with special dietary restrictions.<\/h3>\n<p>Carefully encapsulated for easy ingestion and rapid absorption, they provide the benefits of Irish sea moss and bladderwrack without the hassle.<\/p>\n<p>Incorporate Vizmo Sea Moss capsules into your daily routine. The nutrient profile of sea moss and bladderwrack supports various aspects of your health and well-being.<\/p>\n<p>For those looking for an easy way to get the nutritional benefits of sea moss and bladderwrack, our sea moss capsules offer a convenient solution. Each pack contains 180 capsules, enough for a 2-month supply. Take two capsules daily with water.<\/p>","protected":false},"excerpt":{"rendered":"<p>Superfood For the immune system Skin &amp; hair Health General well-being<\/p>","protected":false},"featured_media":709,"comment_status":"open","ping_status":"closed","template":"","meta":{"_acf_changed":false},"product_brand":[],"product_cat":[21],"product_tag":[],"class_list":{"0":"post-694","1":"product","2":"type-product","3":"status-publish","4":"has-post-thumbnail","6":"product_cat-supplements","8":"first","9":"instock","10":"shipping-taxable","11":"purchasable","12":"product-type-variable"},"acf":[],"yoast_head":"<!-- This site is optimized with the Yoast SEO plugin v26.6 - https:\/\/yoast.com\/wordpress\/plugins\/seo\/ -->\n<title>Seemoos - VizmoLife<\/title>\n<meta name=\"description\" content=\"VizmoLife Irisches Seemoos \u2013 reich an Mineralstoffen &amp; Vitaminen. Unterst\u00fctzt Immunsystem, Energie und allgemeines Wohlbefinden.\" \/>\n<meta name=\"robots\" content=\"index, follow, max-snippet:-1, max-image-preview:large, max-video-preview:-1\" \/>\n<link rel=\"canonical\" href=\"https:\/\/vizmolife.de\/en\/product\/seemoos\/\" \/>\n<meta property=\"og:locale\" content=\"en_US\" \/>\n<meta property=\"og:type\" content=\"article\" \/>\n<meta property=\"og:title\" content=\"Seemoos - VizmoLife\" \/>\n<meta property=\"og:description\" content=\"VizmoLife Irisches Seemoos \u2013 reich an Mineralstoffen &amp; Vitaminen. Unterst\u00fctzt Immunsystem, Energie und allgemeines Wohlbefinden.\" \/>\n<meta property=\"og:url\" content=\"https:\/\/vizmolife.de\/en\/product\/seemoos\/\" \/>\n<meta property=\"og:site_name\" content=\"VizmoLife\" \/>\n<meta property=\"article:modified_time\" content=\"2026-01-28T19:01:42+00:00\" \/>\n<meta property=\"og:image\" content=\"https:\/\/vizmolife.de\/wp-content\/uploads\/2025\/04\/sea_moss_fixed.png\" \/>\n\t<meta property=\"og:image:width\" content=\"2000\" \/>\n\t<meta property=\"og:image:height\" content=\"2000\" \/>\n\t<meta property=\"og:image:type\" content=\"image\/png\" \/>\n<meta name=\"twitter:card\" content=\"summary_large_image\" \/>\n<meta name=\"twitter:label1\" content=\"Est. reading time\" \/>\n\t<meta name=\"twitter:data1\" content=\"3 minutes\" \/>\n<script type=\"application\/ld+json\" class=\"yoast-schema-graph\">{\"@context\":\"https:\/\/schema.org\",\"@graph\":[{\"@type\":\"WebPage\",\"@id\":\"https:\/\/vizmolife.de\/product\/seemoos\/\",\"url\":\"https:\/\/vizmolife.de\/product\/seemoos\/\",\"name\":\"Seemoos - VizmoLife\",\"isPartOf\":{\"@id\":\"https:\/\/vizmolife.de\/#website\"},\"primaryImageOfPage\":{\"@id\":\"https:\/\/vizmolife.de\/product\/seemoos\/#primaryimage\"},\"image\":{\"@id\":\"https:\/\/vizmolife.de\/product\/seemoos\/#primaryimage\"},\"thumbnailUrl\":\"https:\/\/vizmolife.de\/wp-content\/uploads\/2025\/04\/sea_moss_fixed.png\",\"datePublished\":\"2025-04-08T12:48:30+00:00\",\"dateModified\":\"2026-01-28T19:01:42+00:00\",\"description\":\"VizmoLife Irisches Seemoos \u2013 reich an Mineralstoffen & Vitaminen. Unterst\u00fctzt Immunsystem, Energie und allgemeines Wohlbefinden.\",\"breadcrumb\":{\"@id\":\"https:\/\/vizmolife.de\/product\/seemoos\/#breadcrumb\"},\"inLanguage\":\"en-US\",\"potentialAction\":[{\"@type\":\"ReadAction\",\"target\":[\"https:\/\/vizmolife.de\/product\/seemoos\/\"]}]},{\"@type\":\"ImageObject\",\"inLanguage\":\"en-US\",\"@id\":\"https:\/\/vizmolife.de\/product\/seemoos\/#primaryimage\",\"url\":\"https:\/\/vizmolife.de\/wp-content\/uploads\/2025\/04\/sea_moss_fixed.png\",\"contentUrl\":\"https:\/\/vizmolife.de\/wp-content\/uploads\/2025\/04\/sea_moss_fixed.png\",\"width\":2000,\"height\":2000,\"caption\":\"Vizmo Sea Moss + Blasentang Kapseln \u2013 90 St\u00fcck f\u00fcr t\u00e4gliches Wohlbefinden. Unterst\u00fctzt Immunsystem, Haut & Haare. 100\u202f% nat\u00fcrlich & vegan\"},{\"@type\":\"BreadcrumbList\",\"@id\":\"https:\/\/vizmolife.de\/product\/seemoos\/#breadcrumb\",\"itemListElement\":[{\"@type\":\"ListItem\",\"position\":1,\"name\":\"Heim\",\"item\":\"https:\/\/vizmolife.de\/\"},{\"@type\":\"ListItem\",\"position\":2,\"name\":\"Erg\u00e4nzungen\",\"item\":\"https:\/\/vizmolife.de\/erganzungen\/\"},{\"@type\":\"ListItem\",\"position\":3,\"name\":\"Seemoos\"}]},{\"@type\":\"WebSite\",\"@id\":\"https:\/\/vizmolife.de\/#website\",\"url\":\"https:\/\/vizmolife.de\/\",\"name\":\"VizmoLife\",\"description\":\"Supplements for better life\",\"publisher\":{\"@id\":\"https:\/\/vizmolife.de\/#organization\"},\"potentialAction\":[{\"@type\":\"SearchAction\",\"target\":{\"@type\":\"EntryPoint\",\"urlTemplate\":\"https:\/\/vizmolife.de\/?s={search_term_string}\"},\"query-input\":{\"@type\":\"PropertyValueSpecification\",\"valueRequired\":true,\"valueName\":\"search_term_string\"}}],\"inLanguage\":\"en-US\"},{\"@type\":\"Organization\",\"@id\":\"https:\/\/vizmolife.de\/#organization\",\"name\":\"VizmoLife\",\"url\":\"https:\/\/vizmolife.de\/\",\"logo\":{\"@type\":\"ImageObject\",\"inLanguage\":\"en-US\",\"@id\":\"https:\/\/vizmolife.de\/#\/schema\/logo\/image\/\",\"url\":\"https:\/\/vizmolife.de\/wp-content\/uploads\/2024\/06\/vizmo.jpg\",\"contentUrl\":\"https:\/\/vizmolife.de\/wp-content\/uploads\/2024\/06\/vizmo.jpg\",\"width\":366,\"height\":88,\"caption\":\"VizmoLife\"},\"image\":{\"@id\":\"https:\/\/vizmolife.de\/#\/schema\/logo\/image\/\"}}]}<\/script>\n<!-- \/ Yoast SEO plugin. -->","yoast_head_json":{"title":"Seemoos - VizmoLife","description":"VizmoLife Irisches Seemoos \u2013 reich an Mineralstoffen & Vitaminen. Unterst\u00fctzt Immunsystem, Energie und allgemeines Wohlbefinden.","robots":{"index":"index","follow":"follow","max-snippet":"max-snippet:-1","max-image-preview":"max-image-preview:large","max-video-preview":"max-video-preview:-1"},"canonical":"https:\/\/vizmolife.de\/en\/product\/seemoos\/","og_locale":"en_US","og_type":"article","og_title":"Seemoos - VizmoLife","og_description":"VizmoLife Irisches Seemoos \u2013 reich an Mineralstoffen & Vitaminen. Unterst\u00fctzt Immunsystem, Energie und allgemeines Wohlbefinden.","og_url":"https:\/\/vizmolife.de\/en\/product\/seemoos\/","og_site_name":"VizmoLife","article_modified_time":"2026-01-28T19:01:42+00:00","og_image":[{"width":2000,"height":2000,"url":"https:\/\/vizmolife.de\/wp-content\/uploads\/2025\/04\/sea_moss_fixed.png","type":"image\/png"}],"twitter_card":"summary_large_image","twitter_misc":{"Est. reading time":"3 minutes"},"schema":{"@context":"https:\/\/schema.org","@graph":[{"@type":"WebPage","@id":"https:\/\/vizmolife.de\/product\/seemoos\/","url":"https:\/\/vizmolife.de\/product\/seemoos\/","name":"Seemoos - VizmoLife","isPartOf":{"@id":"https:\/\/vizmolife.de\/#website"},"primaryImageOfPage":{"@id":"https:\/\/vizmolife.de\/product\/seemoos\/#primaryimage"},"image":{"@id":"https:\/\/vizmolife.de\/product\/seemoos\/#primaryimage"},"thumbnailUrl":"https:\/\/vizmolife.de\/wp-content\/uploads\/2025\/04\/sea_moss_fixed.png","datePublished":"2025-04-08T12:48:30+00:00","dateModified":"2026-01-28T19:01:42+00:00","description":"VizmoLife Irisches Seemoos \u2013 reich an Mineralstoffen & Vitaminen. Unterst\u00fctzt Immunsystem, Energie und allgemeines Wohlbefinden.","breadcrumb":{"@id":"https:\/\/vizmolife.de\/product\/seemoos\/#breadcrumb"},"inLanguage":"en-US","potentialAction":[{"@type":"ReadAction","target":["https:\/\/vizmolife.de\/product\/seemoos\/"]}]},{"@type":"ImageObject","inLanguage":"en-US","@id":"https:\/\/vizmolife.de\/product\/seemoos\/#primaryimage","url":"https:\/\/vizmolife.de\/wp-content\/uploads\/2025\/04\/sea_moss_fixed.png","contentUrl":"https:\/\/vizmolife.de\/wp-content\/uploads\/2025\/04\/sea_moss_fixed.png","width":2000,"height":2000,"caption":"Vizmo Sea Moss + Blasentang Kapseln \u2013 90 St\u00fcck f\u00fcr t\u00e4gliches Wohlbefinden. Unterst\u00fctzt Immunsystem, Haut & Haare. 100\u202f% nat\u00fcrlich & vegan"},{"@type":"BreadcrumbList","@id":"https:\/\/vizmolife.de\/product\/seemoos\/#breadcrumb","itemListElement":[{"@type":"ListItem","position":1,"name":"Heim","item":"https:\/\/vizmolife.de\/"},{"@type":"ListItem","position":2,"name":"Erg\u00e4nzungen","item":"https:\/\/vizmolife.de\/erganzungen\/"},{"@type":"ListItem","position":3,"name":"Seemoos"}]},{"@type":"WebSite","@id":"https:\/\/vizmolife.de\/#website","url":"https:\/\/vizmolife.de\/","name":"VizmoLife","description":"Supplements for better life","publisher":{"@id":"https:\/\/vizmolife.de\/#organization"},"potentialAction":[{"@type":"SearchAction","target":{"@type":"EntryPoint","urlTemplate":"https:\/\/vizmolife.de\/?s={search_term_string}"},"query-input":{"@type":"PropertyValueSpecification","valueRequired":true,"valueName":"search_term_string"}}],"inLanguage":"en-US"},{"@type":"Organization","@id":"https:\/\/vizmolife.de\/#organization","name":"VizmoLife","url":"https:\/\/vizmolife.de\/","logo":{"@type":"ImageObject","inLanguage":"en-US","@id":"https:\/\/vizmolife.de\/#\/schema\/logo\/image\/","url":"https:\/\/vizmolife.de\/wp-content\/uploads\/2024\/06\/vizmo.jpg","contentUrl":"https:\/\/vizmolife.de\/wp-content\/uploads\/2024\/06\/vizmo.jpg","width":366,"height":88,"caption":"VizmoLife"},"image":{"@id":"https:\/\/vizmolife.de\/#\/schema\/logo\/image\/"}}]}},"_links":{"self":[{"href":"https:\/\/vizmolife.de\/en\/wp-json\/wp\/v2\/product\/694","targetHints":{"allow":["GET"]}}],"collection":[{"href":"https:\/\/vizmolife.de\/en\/wp-json\/wp\/v2\/product"}],"about":[{"href":"https:\/\/vizmolife.de\/en\/wp-json\/wp\/v2\/types\/product"}],"replies":[{"embeddable":true,"href":"https:\/\/vizmolife.de\/en\/wp-json\/wp\/v2\/comments?post=694"}],"wp:featuredmedia":[{"embeddable":true,"href":"https:\/\/vizmolife.de\/en\/wp-json\/wp\/v2\/media\/709"}],"wp:attachment":[{"href":"https:\/\/vizmolife.de\/en\/wp-json\/wp\/v2\/media?parent=694"}],"wp:term":[{"taxonomy":"product_brand","embeddable":true,"href":"https:\/\/vizmolife.de\/en\/wp-json\/wp\/v2\/product_brand?post=694"},{"taxonomy":"product_cat","embeddable":true,"href":"https:\/\/vizmolife.de\/en\/wp-json\/wp\/v2\/product_cat?post=694"},{"taxonomy":"product_tag","embeddable":true,"href":"https:\/\/vizmolife.de\/en\/wp-json\/wp\/v2\/product_tag?post=694"}],"curies":[{"name":"wp","href":"https:\/\/api.w.org\/{rel}","templated":true}]}}