{"id":753,"date":"2025-04-12T10:45:37","date_gmt":"2025-04-12T08:45:37","guid":{"rendered":"https:\/\/vizmolife.de\/?page_id=753"},"modified":"2025-12-20T11:07:37","modified_gmt":"2025-12-20T09:07:37","slug":"uber-uns","status":"publish","type":"page","link":"https:\/\/vizmolife.de\/en\/uber-uns\/","title":{"rendered":"About us"},"content":{"rendered":"<div data-elementor-type=\"wp-page\" data-elementor-id=\"753\" class=\"elementor elementor-753\" data-elementor-post-type=\"page\">\n\t\t\t\t<div class=\"elementor-element elementor-element-9ab7e1f e-flex e-con-boxed e-con e-parent\" data-id=\"9ab7e1f\" data-element_type=\"container\">\n\t\t\t\t\t<div class=\"e-con-inner\">\n\t\t\t\t<div class=\"elementor-element elementor-element-d8aa691 elementor-widget elementor-widget-heading\" data-id=\"d8aa691\" data-element_type=\"widget\" data-widget_type=\"heading.default\">\n\t\t\t\t<div class=\"elementor-widget-container\">\n\t\t\t\t\t<h1 class=\"elementor-heading-title elementor-size-default\">About us<\/h1>\t\t\t\t<\/div>\n\t\t\t\t<\/div>\n\t\t\t\t<div class=\"elementor-element elementor-element-50a9f42 elementor-align-center elementor-widget elementor-widget-breadcrumbs\" data-id=\"50a9f42\" data-element_type=\"widget\" data-widget_type=\"breadcrumbs.default\">\n\t\t\t\t<div class=\"elementor-widget-container\">\n\t\t\t\t\t<p id=\"breadcrumbs\"><span><span><a href=\"https:\/\/vizmolife.de\/en\/\">Home<\/a><\/span><\/span><\/p>\t\t\t\t<\/div>\n\t\t\t\t<\/div>\n\t\t\t\t\t<\/div>\n\t\t\t\t<\/div>\n\t\t<div class=\"elementor-element elementor-element-90e702f e-flex e-con-boxed e-con e-parent\" data-id=\"90e702f\" data-element_type=\"container\" data-settings=\"{&quot;background_background&quot;:&quot;classic&quot;}\">\n\t\t\t\t\t<div class=\"e-con-inner\">\n\t\t<div class=\"elementor-element elementor-element-66042a2 e-con-full e-flex e-con e-child\" data-id=\"66042a2\" data-element_type=\"container\">\n\t\t\t\t<div class=\"elementor-element elementor-element-c4d95c6 elementor-widget elementor-widget-heading\" data-id=\"c4d95c6\" data-element_type=\"widget\" data-widget_type=\"heading.default\">\n\t\t\t\t<div class=\"elementor-widget-container\">\n\t\t\t\t\t<h2 class=\"elementor-heading-title elementor-size-default\">Built from need. Driven by quality.<\/h2>\t\t\t\t<\/div>\n\t\t\t\t<\/div>\n\t\t\t\t<div class=\"elementor-element elementor-element-845c604 elementor-widget elementor-widget-text-editor\" data-id=\"845c604\" data-element_type=\"widget\" data-widget_type=\"text-editor.default\">\n\t\t\t\t<div class=\"elementor-widget-container\">\n\t\t\t\t\t\t\t\t\t<p data-start=\"329\" data-end=\"649\">VIZMO was founded by three lifelong friends from Lithuania who were frustrated by the lack of trustworthy supplements on the market. Most were full of questionable ingredients, underdosed, or poorly manufactured. So, we decided to create the brand we couldn\u2019t find.<\/p><p data-start=\"651\" data-end=\"886\" class=\"translation-block\">With a shared background in healthy living, longevity science, and performance optimization, we built VIZMO on a simple principle: people deserve clean, effective supplements they can trust \u2014 every single day.<\/p><p data-start=\"888\" data-end=\"1130\">Our mission is to support mental clarity, emotional balance, and sustainable energy through transparent, science-backed formulas that fit into real life. No gimmicks. No grey areas. Just quality you can feel.<\/p>\t\t\t\t\t\t\t\t<\/div>\n\t\t\t\t<\/div>\n\t\t\t\t<\/div>\n\t\t<div class=\"elementor-element elementor-element-0987bde e-con-full e-flex e-con e-child\" data-id=\"0987bde\" data-element_type=\"container\">\n\t\t\t\t<div class=\"elementor-element elementor-element-6c3a18b elementor-widget elementor-widget-image\" data-id=\"6c3a18b\" data-element_type=\"widget\" data-widget_type=\"image.default\">\n\t\t\t\t<div class=\"elementor-widget-container\">\n\t\t\t\t\t\t\t\t\t\t\t\t\t\t\t<img decoding=\"async\" src=\"https:\/\/vizmolife.de\/wp-content\/uploads\/elementor\/thumbs\/Generated-Image-October-27-2025-4_16PM-rgfeyz4zkjr90zq2tnrn08d7s8hg7rj6f1jmid9zio.png\" title=\"Generated Image October 27, 2025 &#8211; 4_16PM\" alt=\"Generated Image October 27, 2025 - 4_16PM\" loading=\"lazy\" \/>\t\t\t\t\t\t\t\t\t\t\t\t\t\t\t<\/div>\n\t\t\t\t<\/div>\n\t\t\t\t<\/div>\n\t\t\t\t\t<\/div>\n\t\t\t\t<\/div>\n\t\t<div class=\"elementor-element elementor-element-69006ca e-flex e-con-boxed e-con e-parent\" data-id=\"69006ca\" data-element_type=\"container\" data-settings=\"{&quot;background_background&quot;:&quot;classic&quot;}\">\n\t\t\t\t\t<div class=\"e-con-inner\">\n\t\t<div class=\"elementor-element elementor-element-8a06a94 e-con-full e-flex e-con e-child\" data-id=\"8a06a94\" data-element_type=\"container\">\n\t\t\t\t<div class=\"elementor-element elementor-element-15feb7e elementor-widget elementor-widget-heading\" data-id=\"15feb7e\" data-element_type=\"widget\" data-widget_type=\"heading.default\">\n\t\t\t\t<div class=\"elementor-widget-container\">\n\t\t\t\t\t<h2 class=\"elementor-heading-title elementor-size-default\">Science-led. Nature-powered. Purpose-built.<\/h2>\t\t\t\t<\/div>\n\t\t\t\t<\/div>\n\t\t\t\t<div class=\"elementor-element elementor-element-3270c95 elementor-widget elementor-widget-text-editor\" data-id=\"3270c95\" data-element_type=\"widget\" data-widget_type=\"text-editor.default\">\n\t\t\t\t<div class=\"elementor-widget-container\">\n\t\t\t\t\t\t\t\t\t<p data-start=\"244\" data-end=\"351\">What sets VIZMO apart is our commitment to doing things right \u2014 from formulation to philosophy:<\/p><ul data-start=\"353\" data-end=\"736\"><li data-start=\"353\" data-end=\"427\"><p data-start=\"355\" data-end=\"427\" class=\"translation-block\">Function-first design: Every ingredient serves a clear purpose, backed by evidence<\/p><\/li><li data-start=\"428\" data-end=\"498\"><p data-start=\"430\" data-end=\"498\"><strong data-start=\"430\" data-end=\"460\">No fillers, no nonsense: Plant-based, clean-label, minimalist formulas<\/strong> no additives, no exaggerations<\/p><\/li><li data-start=\"499\" data-end=\"589\"><p data-start=\"501\" data-end=\"589\" class=\"translation-block\">Made in Lithuania: Fully sourced and manufactured in trusted European facilities<\/p><\/li><li data-start=\"590\" data-end=\"661\"><p data-start=\"592\" data-end=\"661\" class=\"translation-block\">Transparent by default: Clear labeling, clean processes, no hidden extras<\/p><\/li><li data-start=\"662\" data-end=\"736\"><p data-start=\"664\" data-end=\"736\" class=\"translation-block\">Built for daily life: Simple to use, easy to trust, and effective over time<\/p><\/li><\/ul><p data-start=\"738\" data-end=\"931\" class=\"translation-block\">We\u2019re not just another supplement brand. We\u2019re here to give modern, health-conscious people a smarter, cleaner way to support their minds and bodies \u2014 with integrity, not hype.<\/p>\t\t\t\t\t\t\t\t<\/div>\n\t\t\t\t<\/div>\n\t\t\t\t<\/div>\n\t\t<div class=\"elementor-element elementor-element-acddcbd e-con-full e-flex e-con e-child\" data-id=\"acddcbd\" data-element_type=\"container\">\n\t\t\t\t<div class=\"elementor-element elementor-element-ebf7c30 elementor-widget elementor-widget-image\" data-id=\"ebf7c30\" data-element_type=\"widget\" data-widget_type=\"image.default\">\n\t\t\t\t<div class=\"elementor-widget-container\">\n\t\t\t\t\t\t\t\t\t\t\t\t\t\t\t<img fetchpriority=\"high\" decoding=\"async\" width=\"800\" height=\"800\" src=\"https:\/\/vizmolife.de\/wp-content\/uploads\/2025\/12\/Vizmo-Icon.png\" class=\"attachment-large size-large wp-image-1818\" alt=\"\" srcset=\"https:\/\/vizmolife.de\/wp-content\/uploads\/2025\/12\/Vizmo-Icon.png 1024w, https:\/\/vizmolife.de\/wp-content\/uploads\/2025\/12\/Vizmo-Icon-300x300.png 300w, https:\/\/vizmolife.de\/wp-content\/uploads\/2025\/12\/Vizmo-Icon-150x150.png 150w, https:\/\/vizmolife.de\/wp-content\/uploads\/2025\/12\/Vizmo-Icon-768x768.png 768w, https:\/\/vizmolife.de\/wp-content\/uploads\/2025\/12\/Vizmo-Icon-12x12.png 12w, https:\/\/vizmolife.de\/wp-content\/uploads\/2025\/12\/Vizmo-Icon-600x600.png 600w, https:\/\/vizmolife.de\/wp-content\/uploads\/2025\/12\/Vizmo-Icon-100x100.png 100w, https:\/\/vizmolife.de\/wp-content\/uploads\/2025\/12\/Vizmo-Icon-50x50.png 50w\" sizes=\"(max-width: 800px) 100vw, 800px\" \/>\t\t\t\t\t\t\t\t\t\t\t\t\t\t\t<\/div>\n\t\t\t\t<\/div>\n\t\t\t\t<\/div>\n\t\t\t\t\t<\/div>\n\t\t\t\t<\/div>\n\t\t\t\t<\/div>","protected":false},"excerpt":{"rendered":"<p>Aus einem Bed\u00fcrfnis entstanden. Von Qualit\u00e4t angetrieben. VIZMO wurde von drei langj\u00e4hrigen Freunden aus Litauen gegr\u00fcndet, die frustriert dar\u00fcber waren, wie wenig verl\u00e4ssliche Nahrungserg\u00e4nzungsmittel es auf dem Markt gab. Zu viele Produkte waren minderwertig, unterdosiert oder enthielten fragw\u00fcrdige Inhaltsstoffe. Also entschieden wir uns, selbst etwas Besseres zu schaffen. Mit unserem Hintergrund in gesundem Lebensstil, Langlebigkeitsforschung [&hellip;]<\/p>","protected":false},"author":1,"featured_media":0,"parent":0,"menu_order":0,"comment_status":"closed","ping_status":"closed","template":"elementor_header_footer","meta":{"_acf_changed":false,"footnotes":""},"class_list":["post-753","page","type-page","status-publish","hentry"],"acf":[],"yoast_head":"<!-- This site is optimized with the Yoast SEO plugin v26.6 - https:\/\/yoast.com\/wordpress\/plugins\/seo\/ -->\n<title>\u00dcber uns - VizmoLife<\/title>\n<meta name=\"robots\" content=\"index, follow, max-snippet:-1, max-image-preview:large, max-video-preview:-1\" \/>\n<link rel=\"canonical\" href=\"https:\/\/vizmolife.de\/en\/uber-uns\/\" \/>\n<meta property=\"og:locale\" content=\"en_US\" \/>\n<meta property=\"og:type\" content=\"article\" \/>\n<meta property=\"og:title\" content=\"\u00dcber uns - VizmoLife\" \/>\n<meta property=\"og:description\" content=\"Aus einem Bed\u00fcrfnis entstanden. Von Qualit\u00e4t angetrieben. VIZMO wurde von drei langj\u00e4hrigen Freunden aus Litauen gegr\u00fcndet, die frustriert dar\u00fcber waren, wie wenig verl\u00e4ssliche Nahrungserg\u00e4nzungsmittel es auf dem Markt gab. Zu viele Produkte waren minderwertig, unterdosiert oder enthielten fragw\u00fcrdige Inhaltsstoffe. Also entschieden wir uns, selbst etwas Besseres zu schaffen. Mit unserem Hintergrund in gesundem Lebensstil, Langlebigkeitsforschung [&hellip;]\" \/>\n<meta property=\"og:url\" content=\"https:\/\/vizmolife.de\/en\/uber-uns\/\" \/>\n<meta property=\"og:site_name\" content=\"VizmoLife\" \/>\n<meta property=\"article:modified_time\" content=\"2025-12-20T09:07:37+00:00\" \/>\n<meta property=\"og:image\" content=\"https:\/\/vizmolife.de\/wp-content\/uploads\/elementor\/thumbs\/Generated-Image-October-27-2025-4_16PM-rgfeyz4zkjr90zq2tnrn08d7s8hg7rj6f1jme03jtc.png\" \/>\n<meta name=\"twitter:card\" content=\"summary_large_image\" \/>\n<meta name=\"twitter:label1\" content=\"Est. reading time\" \/>\n\t<meta name=\"twitter:data1\" content=\"2 minutes\" \/>\n<script type=\"application\/ld+json\" class=\"yoast-schema-graph\">{\"@context\":\"https:\/\/schema.org\",\"@graph\":[{\"@type\":\"WebPage\",\"@id\":\"https:\/\/vizmolife.de\/uber-uns\/\",\"url\":\"https:\/\/vizmolife.de\/uber-uns\/\",\"name\":\"\u00dcber uns - VizmoLife\",\"isPartOf\":{\"@id\":\"https:\/\/vizmolife.de\/#website\"},\"primaryImageOfPage\":{\"@id\":\"https:\/\/vizmolife.de\/uber-uns\/#primaryimage\"},\"image\":{\"@id\":\"https:\/\/vizmolife.de\/uber-uns\/#primaryimage\"},\"thumbnailUrl\":\"https:\/\/vizmolife.de\/wp-content\/uploads\/elementor\/thumbs\/Generated-Image-October-27-2025-4_16PM-rgfeyz4zkjr90zq2tnrn08d7s8hg7rj6f1jme03jtc.png\",\"datePublished\":\"2025-04-12T08:45:37+00:00\",\"dateModified\":\"2025-12-20T09:07:37+00:00\",\"breadcrumb\":{\"@id\":\"https:\/\/vizmolife.de\/uber-uns\/#breadcrumb\"},\"inLanguage\":\"en-US\",\"potentialAction\":[{\"@type\":\"ReadAction\",\"target\":[\"https:\/\/vizmolife.de\/uber-uns\/\"]}]},{\"@type\":\"ImageObject\",\"inLanguage\":\"en-US\",\"@id\":\"https:\/\/vizmolife.de\/uber-uns\/#primaryimage\",\"url\":\"https:\/\/vizmolife.de\/wp-content\/uploads\/elementor\/thumbs\/Generated-Image-October-27-2025-4_16PM-rgfeyz4zkjr90zq2tnrn08d7s8hg7rj6f1jme03jtc.png\",\"contentUrl\":\"https:\/\/vizmolife.de\/wp-content\/uploads\/elementor\/thumbs\/Generated-Image-October-27-2025-4_16PM-rgfeyz4zkjr90zq2tnrn08d7s8hg7rj6f1jme03jtc.png\"},{\"@type\":\"BreadcrumbList\",\"@id\":\"https:\/\/vizmolife.de\/uber-uns\/#breadcrumb\",\"itemListElement\":[{\"@type\":\"ListItem\",\"position\":1,\"name\":\"Heim\",\"item\":\"https:\/\/vizmolife.de\/\"},{\"@type\":\"ListItem\",\"position\":2,\"name\":\"\u00dcber uns\"}]},{\"@type\":\"WebSite\",\"@id\":\"https:\/\/vizmolife.de\/#website\",\"url\":\"https:\/\/vizmolife.de\/\",\"name\":\"VizmoLife\",\"description\":\"Supplements for better life\",\"publisher\":{\"@id\":\"https:\/\/vizmolife.de\/#organization\"},\"potentialAction\":[{\"@type\":\"SearchAction\",\"target\":{\"@type\":\"EntryPoint\",\"urlTemplate\":\"https:\/\/vizmolife.de\/?s={search_term_string}\"},\"query-input\":{\"@type\":\"PropertyValueSpecification\",\"valueRequired\":true,\"valueName\":\"search_term_string\"}}],\"inLanguage\":\"en-US\"},{\"@type\":\"Organization\",\"@id\":\"https:\/\/vizmolife.de\/#organization\",\"name\":\"VizmoLife\",\"url\":\"https:\/\/vizmolife.de\/\",\"logo\":{\"@type\":\"ImageObject\",\"inLanguage\":\"en-US\",\"@id\":\"https:\/\/vizmolife.de\/#\/schema\/logo\/image\/\",\"url\":\"https:\/\/vizmolife.de\/wp-content\/uploads\/2024\/06\/vizmo.jpg\",\"contentUrl\":\"https:\/\/vizmolife.de\/wp-content\/uploads\/2024\/06\/vizmo.jpg\",\"width\":366,\"height\":88,\"caption\":\"VizmoLife\"},\"image\":{\"@id\":\"https:\/\/vizmolife.de\/#\/schema\/logo\/image\/\"}}]}<\/script>\n<!-- \/ Yoast SEO plugin. -->","yoast_head_json":{"title":"\u00dcber uns - VizmoLife","robots":{"index":"index","follow":"follow","max-snippet":"max-snippet:-1","max-image-preview":"max-image-preview:large","max-video-preview":"max-video-preview:-1"},"canonical":"https:\/\/vizmolife.de\/en\/uber-uns\/","og_locale":"en_US","og_type":"article","og_title":"\u00dcber uns - VizmoLife","og_description":"Aus einem Bed\u00fcrfnis entstanden. Von Qualit\u00e4t angetrieben. VIZMO wurde von drei langj\u00e4hrigen Freunden aus Litauen gegr\u00fcndet, die frustriert dar\u00fcber waren, wie wenig verl\u00e4ssliche Nahrungserg\u00e4nzungsmittel es auf dem Markt gab. Zu viele Produkte waren minderwertig, unterdosiert oder enthielten fragw\u00fcrdige Inhaltsstoffe. Also entschieden wir uns, selbst etwas Besseres zu schaffen. Mit unserem Hintergrund in gesundem Lebensstil, Langlebigkeitsforschung [&hellip;]","og_url":"https:\/\/vizmolife.de\/en\/uber-uns\/","og_site_name":"VizmoLife","article_modified_time":"2025-12-20T09:07:37+00:00","og_image":[{"url":"https:\/\/vizmolife.de\/wp-content\/uploads\/elementor\/thumbs\/Generated-Image-October-27-2025-4_16PM-rgfeyz4zkjr90zq2tnrn08d7s8hg7rj6f1jme03jtc.png","type":"","width":"","height":""}],"twitter_card":"summary_large_image","twitter_misc":{"Est. reading time":"2 minutes"},"schema":{"@context":"https:\/\/schema.org","@graph":[{"@type":"WebPage","@id":"https:\/\/vizmolife.de\/uber-uns\/","url":"https:\/\/vizmolife.de\/uber-uns\/","name":"\u00dcber uns - VizmoLife","isPartOf":{"@id":"https:\/\/vizmolife.de\/#website"},"primaryImageOfPage":{"@id":"https:\/\/vizmolife.de\/uber-uns\/#primaryimage"},"image":{"@id":"https:\/\/vizmolife.de\/uber-uns\/#primaryimage"},"thumbnailUrl":"https:\/\/vizmolife.de\/wp-content\/uploads\/elementor\/thumbs\/Generated-Image-October-27-2025-4_16PM-rgfeyz4zkjr90zq2tnrn08d7s8hg7rj6f1jme03jtc.png","datePublished":"2025-04-12T08:45:37+00:00","dateModified":"2025-12-20T09:07:37+00:00","breadcrumb":{"@id":"https:\/\/vizmolife.de\/uber-uns\/#breadcrumb"},"inLanguage":"en-US","potentialAction":[{"@type":"ReadAction","target":["https:\/\/vizmolife.de\/uber-uns\/"]}]},{"@type":"ImageObject","inLanguage":"en-US","@id":"https:\/\/vizmolife.de\/uber-uns\/#primaryimage","url":"https:\/\/vizmolife.de\/wp-content\/uploads\/elementor\/thumbs\/Generated-Image-October-27-2025-4_16PM-rgfeyz4zkjr90zq2tnrn08d7s8hg7rj6f1jme03jtc.png","contentUrl":"https:\/\/vizmolife.de\/wp-content\/uploads\/elementor\/thumbs\/Generated-Image-October-27-2025-4_16PM-rgfeyz4zkjr90zq2tnrn08d7s8hg7rj6f1jme03jtc.png"},{"@type":"BreadcrumbList","@id":"https:\/\/vizmolife.de\/uber-uns\/#breadcrumb","itemListElement":[{"@type":"ListItem","position":1,"name":"Heim","item":"https:\/\/vizmolife.de\/"},{"@type":"ListItem","position":2,"name":"\u00dcber uns"}]},{"@type":"WebSite","@id":"https:\/\/vizmolife.de\/#website","url":"https:\/\/vizmolife.de\/","name":"VizmoLife","description":"Supplements for better life","publisher":{"@id":"https:\/\/vizmolife.de\/#organization"},"potentialAction":[{"@type":"SearchAction","target":{"@type":"EntryPoint","urlTemplate":"https:\/\/vizmolife.de\/?s={search_term_string}"},"query-input":{"@type":"PropertyValueSpecification","valueRequired":true,"valueName":"search_term_string"}}],"inLanguage":"en-US"},{"@type":"Organization","@id":"https:\/\/vizmolife.de\/#organization","name":"VizmoLife","url":"https:\/\/vizmolife.de\/","logo":{"@type":"ImageObject","inLanguage":"en-US","@id":"https:\/\/vizmolife.de\/#\/schema\/logo\/image\/","url":"https:\/\/vizmolife.de\/wp-content\/uploads\/2024\/06\/vizmo.jpg","contentUrl":"https:\/\/vizmolife.de\/wp-content\/uploads\/2024\/06\/vizmo.jpg","width":366,"height":88,"caption":"VizmoLife"},"image":{"@id":"https:\/\/vizmolife.de\/#\/schema\/logo\/image\/"}}]}},"_links":{"self":[{"href":"https:\/\/vizmolife.de\/en\/wp-json\/wp\/v2\/pages\/753","targetHints":{"allow":["GET"]}}],"collection":[{"href":"https:\/\/vizmolife.de\/en\/wp-json\/wp\/v2\/pages"}],"about":[{"href":"https:\/\/vizmolife.de\/en\/wp-json\/wp\/v2\/types\/page"}],"author":[{"embeddable":true,"href":"https:\/\/vizmolife.de\/en\/wp-json\/wp\/v2\/users\/1"}],"replies":[{"embeddable":true,"href":"https:\/\/vizmolife.de\/en\/wp-json\/wp\/v2\/comments?post=753"}],"version-history":[{"count":50,"href":"https:\/\/vizmolife.de\/en\/wp-json\/wp\/v2\/pages\/753\/revisions"}],"predecessor-version":[{"id":1852,"href":"https:\/\/vizmolife.de\/en\/wp-json\/wp\/v2\/pages\/753\/revisions\/1852"}],"wp:attachment":[{"href":"https:\/\/vizmolife.de\/en\/wp-json\/wp\/v2\/media?parent=753"}],"curies":[{"name":"wp","href":"https:\/\/api.w.org\/{rel}","templated":true}]}}