{"id":1635,"date":"2025-08-04T14:24:22","date_gmt":"2025-08-04T12:24:22","guid":{"rendered":"https:\/\/vizmolife.de\/?page_id=1635"},"modified":"2025-08-04T16:33:56","modified_gmt":"2025-08-04T14:33:56","slug":"lieferung","status":"publish","type":"page","link":"https:\/\/vizmolife.de\/en\/lieferung\/","title":{"rendered":"Delivery Policy"},"content":{"rendered":"<div data-elementor-type=\"wp-page\" data-elementor-id=\"1635\" class=\"elementor elementor-1635\" data-elementor-post-type=\"page\">\n\t\t\t\t<div class=\"elementor-element elementor-element-85e30c1 e-flex e-con-boxed e-con e-parent\" data-id=\"85e30c1\" data-element_type=\"container\">\n\t\t\t\t\t<div class=\"e-con-inner\">\n\t\t\t\t<div class=\"elementor-element elementor-element-8bd902e e-transform elementor-widget elementor-widget-text-editor\" data-id=\"8bd902e\" data-element_type=\"widget\" data-settings=\"{&quot;_transform_translateX_effect&quot;:{&quot;unit&quot;:&quot;px&quot;,&quot;size&quot;:0,&quot;sizes&quot;:[]},&quot;_transform_translateY_effect&quot;:{&quot;unit&quot;:&quot;px&quot;,&quot;size&quot;:0,&quot;sizes&quot;:[]},&quot;_transform_translateX_effect_tablet&quot;:{&quot;unit&quot;:&quot;px&quot;,&quot;size&quot;:&quot;&quot;,&quot;sizes&quot;:[]},&quot;_transform_translateX_effect_mobile&quot;:{&quot;unit&quot;:&quot;px&quot;,&quot;size&quot;:&quot;&quot;,&quot;sizes&quot;:[]},&quot;_transform_translateY_effect_tablet&quot;:{&quot;unit&quot;:&quot;px&quot;,&quot;size&quot;:&quot;&quot;,&quot;sizes&quot;:[]},&quot;_transform_translateY_effect_mobile&quot;:{&quot;unit&quot;:&quot;px&quot;,&quot;size&quot;:&quot;&quot;,&quot;sizes&quot;:[]}}\" data-widget_type=\"text-editor.default\">\n\t\t\t\t<div class=\"elementor-widget-container\">\n\t\t\t\t\t\t\t\t\t<section><h1>Delivery Policy<\/h1><p>We ship your order exclusively within Germany. Upon request, we also deliver to other European Union countries.<\/p><h2>Shipping service providers<\/h2><p class=\"translation-block\">Shipping is carried out via our logistics partner DHL.<\/p><h2>Shipping costs<\/h2><ul><li>Shipping fee: <strong>4,99 EUR<\/strong><\/li><li>Free shipping for orders over <strong>60,00 EUR<\/strong><\/li><\/ul><h2>Delivery time<\/h2><p class=\"translation-block\">The delivery time is typically 1\u20133 business days after receipt of payment.<\/p><h2>Shipping restrictions<\/h2><p>We do not deliver to countries outside the EU or to regions subject to international sanctions.<\/p><h2>Delivery obstacles<\/h2><p>If delivery cannot be completed due to incorrect or incomplete information, we reserve the right to charge additional shipping costs.<\/p><h2>Damage during transport<\/h2><p>Please inspect your delivery for any damage upon receipt. Any obvious damage must be reported to and documented with the carrier immediately. Hidden damage should be reported by email within 24 hours. <a href=\"mailto:info@vizmolife.de\">info@vizmolife.de<\/a>.<\/p><\/section>\t\t\t\t\t\t\t\t<\/div>\n\t\t\t\t<\/div>\n\t\t\t\t\t<\/div>\n\t\t\t\t<\/div>\n\t\t\t\t<\/div>","protected":false},"excerpt":{"rendered":"<p>Lieferbedingungen Wir liefern Ihre Bestellung ausschlie\u00dflich innerhalb Deutschlands. Auf Anfrage beliefern wir auch andere L\u00e4nder der Europ\u00e4ischen Union. Versanddienstleister Der Versand erfolgt \u00fcber unseren Logistikpartner DHL. Versandkosten Versandkostenpauschale: 4,99 EUR Versandkostenfrei ab einem Bestellwert von 60,00 EUR Lieferzeit Die Lieferzeit betr\u00e4gt in der Regel 1\u20133 Werktage nach Zahlungseingang. Lieferbeschr\u00e4nkungen Wir liefern nicht in L\u00e4nder au\u00dferhalb [&hellip;]<\/p>","protected":false},"author":3,"featured_media":0,"parent":0,"menu_order":0,"comment_status":"closed","ping_status":"closed","template":"elementor_header_footer","meta":{"_acf_changed":false,"footnotes":""},"class_list":["post-1635","page","type-page","status-publish","hentry"],"acf":[],"yoast_head":"<!-- This site is optimized with the Yoast SEO plugin v26.6 - https:\/\/yoast.com\/wordpress\/plugins\/seo\/ -->\n<title>Lieferbedingungen - VizmoLife<\/title>\n<meta name=\"robots\" content=\"index, follow, max-snippet:-1, max-image-preview:large, max-video-preview:-1\" \/>\n<link rel=\"canonical\" href=\"https:\/\/vizmolife.de\/en\/lieferung\/\" \/>\n<meta property=\"og:locale\" content=\"en_US\" \/>\n<meta property=\"og:type\" content=\"article\" \/>\n<meta property=\"og:title\" content=\"Lieferbedingungen - VizmoLife\" \/>\n<meta property=\"og:description\" content=\"Lieferbedingungen Wir liefern Ihre Bestellung ausschlie\u00dflich innerhalb Deutschlands. Auf Anfrage beliefern wir auch andere L\u00e4nder der Europ\u00e4ischen Union. Versanddienstleister Der Versand erfolgt \u00fcber unseren Logistikpartner DHL. Versandkosten Versandkostenpauschale: 4,99 EUR Versandkostenfrei ab einem Bestellwert von 60,00 EUR Lieferzeit Die Lieferzeit betr\u00e4gt in der Regel 1\u20133 Werktage nach Zahlungseingang. Lieferbeschr\u00e4nkungen Wir liefern nicht in L\u00e4nder au\u00dferhalb [&hellip;]\" \/>\n<meta property=\"og:url\" content=\"https:\/\/vizmolife.de\/en\/lieferung\/\" \/>\n<meta property=\"og:site_name\" content=\"VizmoLife\" \/>\n<meta property=\"article:modified_time\" content=\"2025-08-04T14:33:56+00:00\" \/>\n<meta name=\"twitter:card\" content=\"summary_large_image\" \/>\n<meta name=\"twitter:label1\" content=\"Est. reading time\" \/>\n\t<meta name=\"twitter:data1\" content=\"1 minute\" \/>\n<script type=\"application\/ld+json\" class=\"yoast-schema-graph\">{\"@context\":\"https:\/\/schema.org\",\"@graph\":[{\"@type\":\"WebPage\",\"@id\":\"https:\/\/vizmolife.de\/lieferung\/\",\"url\":\"https:\/\/vizmolife.de\/lieferung\/\",\"name\":\"Lieferbedingungen - VizmoLife\",\"isPartOf\":{\"@id\":\"https:\/\/vizmolife.de\/#website\"},\"datePublished\":\"2025-08-04T12:24:22+00:00\",\"dateModified\":\"2025-08-04T14:33:56+00:00\",\"breadcrumb\":{\"@id\":\"https:\/\/vizmolife.de\/lieferung\/#breadcrumb\"},\"inLanguage\":\"en-US\",\"potentialAction\":[{\"@type\":\"ReadAction\",\"target\":[\"https:\/\/vizmolife.de\/lieferung\/\"]}]},{\"@type\":\"BreadcrumbList\",\"@id\":\"https:\/\/vizmolife.de\/lieferung\/#breadcrumb\",\"itemListElement\":[{\"@type\":\"ListItem\",\"position\":1,\"name\":\"Heim\",\"item\":\"https:\/\/vizmolife.de\/\"},{\"@type\":\"ListItem\",\"position\":2,\"name\":\"Lieferbedingungen\"}]},{\"@type\":\"WebSite\",\"@id\":\"https:\/\/vizmolife.de\/#website\",\"url\":\"https:\/\/vizmolife.de\/\",\"name\":\"VizmoLife\",\"description\":\"Supplements for better life\",\"publisher\":{\"@id\":\"https:\/\/vizmolife.de\/#organization\"},\"potentialAction\":[{\"@type\":\"SearchAction\",\"target\":{\"@type\":\"EntryPoint\",\"urlTemplate\":\"https:\/\/vizmolife.de\/?s={search_term_string}\"},\"query-input\":{\"@type\":\"PropertyValueSpecification\",\"valueRequired\":true,\"valueName\":\"search_term_string\"}}],\"inLanguage\":\"en-US\"},{\"@type\":\"Organization\",\"@id\":\"https:\/\/vizmolife.de\/#organization\",\"name\":\"VizmoLife\",\"url\":\"https:\/\/vizmolife.de\/\",\"logo\":{\"@type\":\"ImageObject\",\"inLanguage\":\"en-US\",\"@id\":\"https:\/\/vizmolife.de\/#\/schema\/logo\/image\/\",\"url\":\"https:\/\/vizmolife.de\/wp-content\/uploads\/2024\/06\/vizmo.jpg\",\"contentUrl\":\"https:\/\/vizmolife.de\/wp-content\/uploads\/2024\/06\/vizmo.jpg\",\"width\":366,\"height\":88,\"caption\":\"VizmoLife\"},\"image\":{\"@id\":\"https:\/\/vizmolife.de\/#\/schema\/logo\/image\/\"}}]}<\/script>\n<!-- \/ Yoast SEO plugin. -->","yoast_head_json":{"title":"Lieferbedingungen - VizmoLife","robots":{"index":"index","follow":"follow","max-snippet":"max-snippet:-1","max-image-preview":"max-image-preview:large","max-video-preview":"max-video-preview:-1"},"canonical":"https:\/\/vizmolife.de\/en\/lieferung\/","og_locale":"en_US","og_type":"article","og_title":"Lieferbedingungen - VizmoLife","og_description":"Lieferbedingungen Wir liefern Ihre Bestellung ausschlie\u00dflich innerhalb Deutschlands. Auf Anfrage beliefern wir auch andere L\u00e4nder der Europ\u00e4ischen Union. Versanddienstleister Der Versand erfolgt \u00fcber unseren Logistikpartner DHL. Versandkosten Versandkostenpauschale: 4,99 EUR Versandkostenfrei ab einem Bestellwert von 60,00 EUR Lieferzeit Die Lieferzeit betr\u00e4gt in der Regel 1\u20133 Werktage nach Zahlungseingang. Lieferbeschr\u00e4nkungen Wir liefern nicht in L\u00e4nder au\u00dferhalb [&hellip;]","og_url":"https:\/\/vizmolife.de\/en\/lieferung\/","og_site_name":"VizmoLife","article_modified_time":"2025-08-04T14:33:56+00:00","twitter_card":"summary_large_image","twitter_misc":{"Est. reading time":"1 minute"},"schema":{"@context":"https:\/\/schema.org","@graph":[{"@type":"WebPage","@id":"https:\/\/vizmolife.de\/lieferung\/","url":"https:\/\/vizmolife.de\/lieferung\/","name":"Lieferbedingungen - VizmoLife","isPartOf":{"@id":"https:\/\/vizmolife.de\/#website"},"datePublished":"2025-08-04T12:24:22+00:00","dateModified":"2025-08-04T14:33:56+00:00","breadcrumb":{"@id":"https:\/\/vizmolife.de\/lieferung\/#breadcrumb"},"inLanguage":"en-US","potentialAction":[{"@type":"ReadAction","target":["https:\/\/vizmolife.de\/lieferung\/"]}]},{"@type":"BreadcrumbList","@id":"https:\/\/vizmolife.de\/lieferung\/#breadcrumb","itemListElement":[{"@type":"ListItem","position":1,"name":"Heim","item":"https:\/\/vizmolife.de\/"},{"@type":"ListItem","position":2,"name":"Lieferbedingungen"}]},{"@type":"WebSite","@id":"https:\/\/vizmolife.de\/#website","url":"https:\/\/vizmolife.de\/","name":"VizmoLife","description":"Supplements for better life","publisher":{"@id":"https:\/\/vizmolife.de\/#organization"},"potentialAction":[{"@type":"SearchAction","target":{"@type":"EntryPoint","urlTemplate":"https:\/\/vizmolife.de\/?s={search_term_string}"},"query-input":{"@type":"PropertyValueSpecification","valueRequired":true,"valueName":"search_term_string"}}],"inLanguage":"en-US"},{"@type":"Organization","@id":"https:\/\/vizmolife.de\/#organization","name":"VizmoLife","url":"https:\/\/vizmolife.de\/","logo":{"@type":"ImageObject","inLanguage":"en-US","@id":"https:\/\/vizmolife.de\/#\/schema\/logo\/image\/","url":"https:\/\/vizmolife.de\/wp-content\/uploads\/2024\/06\/vizmo.jpg","contentUrl":"https:\/\/vizmolife.de\/wp-content\/uploads\/2024\/06\/vizmo.jpg","width":366,"height":88,"caption":"VizmoLife"},"image":{"@id":"https:\/\/vizmolife.de\/#\/schema\/logo\/image\/"}}]}},"_links":{"self":[{"href":"https:\/\/vizmolife.de\/en\/wp-json\/wp\/v2\/pages\/1635","targetHints":{"allow":["GET"]}}],"collection":[{"href":"https:\/\/vizmolife.de\/en\/wp-json\/wp\/v2\/pages"}],"about":[{"href":"https:\/\/vizmolife.de\/en\/wp-json\/wp\/v2\/types\/page"}],"author":[{"embeddable":true,"href":"https:\/\/vizmolife.de\/en\/wp-json\/wp\/v2\/users\/3"}],"replies":[{"embeddable":true,"href":"https:\/\/vizmolife.de\/en\/wp-json\/wp\/v2\/comments?post=1635"}],"version-history":[{"count":8,"href":"https:\/\/vizmolife.de\/en\/wp-json\/wp\/v2\/pages\/1635\/revisions"}],"predecessor-version":[{"id":1671,"href":"https:\/\/vizmolife.de\/en\/wp-json\/wp\/v2\/pages\/1635\/revisions\/1671"}],"wp:attachment":[{"href":"https:\/\/vizmolife.de\/en\/wp-json\/wp\/v2\/media?parent=1635"}],"curies":[{"name":"wp","href":"https:\/\/api.w.org\/{rel}","templated":true}]}}